{"id":1207,"date":"2022-06-20T00:04:20","date_gmt":"2022-06-19T21:04:20","guid":{"rendered":"https:\/\/adanaaku.com.tr\/?page_id=1207"},"modified":"2022-08-22T01:02:30","modified_gmt":"2022-08-21T22:02:30","slug":"aku-alim-satim","status":"publish","type":"page","link":"https:\/\/adanaaku.com.tr\/index.php\/aku-alim-satim\/","title":{"rendered":"Ak\u00fc Al\u0131m-Sat\u0131m"},"content":{"rendered":"<p>[vc_row][vc_column width=&#8221;1\/2&#8243;][dfd_spacer screen_wide_spacer_size=&#8221;50&#8243; screen_normal_resolution=&#8221;1024&#8243; screen_tablet_resolution=&#8221;800&#8243; screen_mobile_resolution=&#8221;480&#8243;][dfd_spacer screen_wide_spacer_size=&#8221;5&#8243; screen_normal_resolution=&#8221;1024&#8243; screen_tablet_resolution=&#8221;800&#8243; screen_mobile_resolution=&#8221;480&#8243;][dfd_simple_image_gallery module_animation=&#8221;transition.slideUpBigIn&#8221; dfd_layer_image=&#8221;1177,1174,1147,1148,1203,1145,1141,1140&#8243; items_offset=&#8221;0&#8243; image_width=&#8221;900&#8243; image_height=&#8221;900&#8243; slides_to_show=&#8221;3&#8243; slides_to_scroll=&#8221;1&#8243; carousel_slideshow_speed=&#8221;3000&#8243; images_style=&#8221;carousel&#8221;][\/vc_column][vc_column width=&#8221;1\/2&#8243;][vc_column_text]\u015eirketimiz Sunlight, Solion ve Tab-Baykal marka \u00fcr\u00fcnlerin sat\u0131\u015f\u0131n\u0131 ger\u00e7ekle\u015ftirmektedir. M\u00fc\u015fterimizin iste\u011fi \u00fczerine di\u011fer markalar\u0131n ak\u00fcleri de taraf\u0131m\u0131zdan temin edilebilmektedir. \u0130\u015f makinenize en uygun ak\u00fc profesyonel kadromuz taraf\u0131ndan se\u00e7ilerek siz de\u011ferleri m\u00fc\u015fterilerimize bilgi verilmektedir.<\/p>\n<p>\u00c7e\u015fitli g\u00fc\u00e7lerde minimum %80 performansa sahip ak\u00fclerimizi m\u00fc\u015fterilerimizin yeni sipari\u015f etmi\u015f olduklar\u0131 ak\u00fcleri yada bak\u0131ma g\u00f6nderilen ak\u00fcleri gelene kadar kiraya vermekteyiz.<\/p>\n<p>Firmam\u0131z geri d\u00f6n\u00fc\u015f\u00fcme \u00f6nem vermektedir. Bu nedenle kullanmad\u0131\u011f\u0131n\u0131z ya da \u00f6mr\u00fcn\u00fc doldurmu\u015f olan ak\u00fcler tekrar \u00fcretim s\u00fcrecine katk\u0131 sa\u011flamak i\u00e7in taraf\u0131m\u0131zdan al\u0131nmaktad\u0131r.<\/p>\n<p>Ayr\u0131nt\u0131l\u0131 bilgi ve fiyat teklifi i\u00e7in l\u00fctfen ileti\u015fime ge\u00e7iniz.[\/vc_column_text][\/vc_column][\/vc_row][vc_row][vc_column][dfd_spacer screen_wide_spacer_size=&#8221;30&#8243; screen_normal_resolution=&#8221;1024&#8243; screen_tablet_resolution=&#8221;800&#8243; screen_mobile_resolution=&#8221;480&#8243;][vc_column_text]<\/p>\n<h2 style=\"text-align: center;\"><strong>SUNLIGHT L\u0130.ON FORCE AK\u00dcLER\u0130 \u0130LE TANI\u015eIN.<\/strong><\/h2>\n<p>[\/vc_column_text][dfd_spacer screen_wide_spacer_size=&#8221;10&#8243; screen_normal_resolution=&#8221;1024&#8243; screen_tablet_resolution=&#8221;800&#8243; screen_mobile_resolution=&#8221;480&#8243;][\/vc_column][\/vc_row][vc_row][vc_column width=&#8221;1\/2&#8243;][dfd_videoplayer video_link=&#8221;https:\/\/www.youtube.com\/watch?v=D&#8211;FOeAk73o&#8221; main_style=&#8221;style-1&#8243; video_thumb=&#8221;1177&#8243;][\/vc_column][vc_column width=&#8221;1\/2&#8243;][dfd_single_image image=&#8221;1257&#8243;][\/vc_column][\/vc_row][vc_row][vc_column][vc_column_text]<\/p>\n<h4>Lityum \u2013 \u0130yon Piller<br \/>\nDevrim Yaratan \u0130novasyona Dayal\u0131 Kalite ve G\u00fcvenilirlik<\/h4>\n<p>Malzeme Ta\u015f\u0131ma ve Lojistik End\u00fcstrisinin artan talepleri ve modern forkliftlerin\/kamyonlar\u0131n uygulama \u00e7e\u015fitlili\u011fi, a\u015f\u0131r\u0131 ko\u015fullarda \u00e7al\u0131\u015fabilen ve daha uzun s\u00fcre \u00e7al\u0131\u015fabilen ak\u00fcleri gerektirir.<\/p>\n<p>Sunlight Li.ON FORCE tahrik g\u00fcc\u00fc yelpazesi, Sunlight Group&#8217;un geli\u015fmi\u015f uygulamalar i\u00e7in Lityum-\u0130yon pillerin tasar\u0131m\u0131 ve \u00fcretimindeki engin bilgi birikimini ve uzun y\u0131llara dayanan deneyimini Malzeme Ta\u015f\u0131ma ve Lojistik dahil olmak \u00fczere geni\u015f bir sekt\u00f6r yelpazesine y\u00f6nelik sa\u011flam bir \u00fcr\u00fcnde birle\u015ftirir&#8230;.[\/vc_column_text][vc_column_text]<\/p>\n<p>I am text block. Click edit button to change this text. Lorem ipsum dolor sit amet, consectetur adipiscing elit. Ut elit tellus, luctus nec ullamcorper mattis, pulvinar dapibus leo.<\/p>\n<p>[\/vc_column_text][dfd_button button_text=&#8221;\u0130NCELE&#8221; main_style=&#8221;style-2&#8243; buttom_link_src=&#8221;url:https%3A%2F%2Fadanaaku.com.tr%2Findex.php%2Fsunlight-li-on-force%2F|title:SUNLIGHT%20L%C4%B0.ON%20FORCE&#8221; undefined=&#8221;&#8221; box_shadow=&#8221;box_shadow_enable:disable|shadow_horizontal:0|shadow_vertical:15|shadow_blur:50|shadow_spread:0|box_shadow_color:rgba(0%2C0%2C0%2C0.35)&#8221; hover_box_shadow=&#8221;box_shadow_enable:disable|shadow_horizontal:0|shadow_vertical:15|shadow_blur:50|shadow_spread:0|box_shadow_color:rgba(0%2C0%2C0%2C0.35)&#8221;][\/vc_column][\/vc_row][vc_row][vc_column][dfd_spacer screen_wide_spacer_size=&#8221;30&#8243; screen_normal_resolution=&#8221;1024&#8243; screen_tablet_resolution=&#8221;800&#8243; screen_mobile_resolution=&#8221;480&#8243;][vc_column_text]<\/p>\n<h2 style=\"text-align: center;\"><strong>SOL\u0130ON L\u0130TYUM AK\u00dcLER\u0130 \u0130LE TANI\u015eIN.<\/strong><\/h2>\n<p>[\/vc_column_text][dfd_spacer screen_wide_spacer_size=&#8221;10&#8243; screen_normal_resolution=&#8221;1024&#8243; screen_tablet_resolution=&#8221;800&#8243; screen_mobile_resolution=&#8221;480&#8243;][\/vc_column][\/vc_row][vc_row][vc_column width=&#8221;1\/2&#8243;][dfd_single_image image=&#8221;1259&#8243; tutorials=&#8221;&#8221;][dfd_single_image image=&#8221;1262&#8243; tutorials=&#8221;&#8221;][\/vc_column][vc_column width=&#8221;1\/2&#8243;][dfd_single_image image=&#8221;1258&#8243; tutorials=&#8221;&#8221;][\/vc_column][\/vc_row][vc_row][vc_column][dfd_spacer screen_wide_spacer_size=&#8221;100&#8243; screen_normal_resolution=&#8221;1024&#8243; screen_tablet_resolution=&#8221;800&#8243; screen_mobile_resolution=&#8221;480&#8243; tutorials=&#8221;&#8221;][\/vc_column][\/vc_row]<\/p>\n","protected":false},"excerpt":{"rendered":"<p>[vc_row][vc_column width=&#8221;1\/2&#8243;][dfd_spacer screen_wide_spacer_size=&#8221;50&#8243; screen_normal_resolution=&#8221;1024&#8243; screen_tablet_resolution=&#8221;800&#8243; screen_mobile_resolution=&#8221;480&#8243;][dfd_spacer screen_wide_spacer_size=&#8221;5&#8243; screen_normal_resolution=&#8221;1024&#8243; screen_tablet_resolution=&#8221;800&#8243; screen_mobile_resolution=&#8221;480&#8243;][dfd_simple_image_gallery module_animation=&#8221;transition.slideUpBigIn&#8221; dfd_layer_image=&#8221;1177,1174,1147,1148,1203,1145,1141,1140&#8243; items_offset=&#8221;0&#8243; image_width=&#8221;900&#8243; image_height=&#8221;900&#8243; slides_to_show=&#8221;3&#8243; slides_to_scroll=&#8221;1&#8243; carousel_slideshow_speed=&#8221;3000&#8243; images_style=&#8221;carousel&#8221;][\/vc_column][vc_column width=&#8221;1\/2&#8243;][vc_column_text]\u015eirketimiz Sunlight, Solion ve Tab-Baykal marka \u00fcr\u00fcnlerin sat\u0131\u015f\u0131n\u0131 ger\u00e7ekle\u015ftirmektedir. M\u00fc\u015fterimizin iste\u011fi<\/p>\n","protected":false},"author":1,"featured_media":0,"parent":0,"menu_order":0,"comment_status":"closed","ping_status":"closed","template":"","meta":[],"_links":{"self":[{"href":"https:\/\/adanaaku.com.tr\/index.php\/wp-json\/wp\/v2\/pages\/1207"}],"collection":[{"href":"https:\/\/adanaaku.com.tr\/index.php\/wp-json\/wp\/v2\/pages"}],"about":[{"href":"https:\/\/adanaaku.com.tr\/index.php\/wp-json\/wp\/v2\/types\/page"}],"author":[{"embeddable":true,"href":"https:\/\/adanaaku.com.tr\/index.php\/wp-json\/wp\/v2\/users\/1"}],"replies":[{"embeddable":true,"href":"https:\/\/adanaaku.com.tr\/index.php\/wp-json\/wp\/v2\/comments?post=1207"}],"version-history":[{"count":7,"href":"https:\/\/adanaaku.com.tr\/index.php\/wp-json\/wp\/v2\/pages\/1207\/revisions"}],"predecessor-version":[{"id":1263,"href":"https:\/\/adanaaku.com.tr\/index.php\/wp-json\/wp\/v2\/pages\/1207\/revisions\/1263"}],"wp:attachment":[{"href":"https:\/\/adanaaku.com.tr\/index.php\/wp-json\/wp\/v2\/media?parent=1207"}],"curies":[{"name":"wp","href":"https:\/\/api.w.org\/{rel}","templated":true}]}}