{"id":1223,"date":"2022-06-21T13:39:47","date_gmt":"2022-06-21T10:39:47","guid":{"rendered":"https:\/\/adanaaku.com.tr\/?page_id=1223"},"modified":"2022-06-21T13:44:40","modified_gmt":"2022-06-21T10:44:40","slug":"redresor-alim-satim","status":"publish","type":"page","link":"https:\/\/adanaaku.com.tr\/index.php\/redresor-alim-satim\/","title":{"rendered":"Redres\u00f6r Al\u0131m-Sat\u0131m"},"content":{"rendered":"<p>[vc_row][vc_column width=&#8221;1\/2&#8243;][vc_column_text]<\/p>\n<h5>Redres\u00f6r \u00fcnitesi kur\u015funlu traksiyoner ak\u00fc \u015farj edebilmesi i\u00e7in tasarlanm\u0131\u015ft\u0131r. \u00c7al\u0131\u015fma ak\u0131mlar\u0131 10 A ile 250 A aras\u0131ndad\u0131r. 6 V ile 96 aras\u0131ndaki ak\u00fcleri \u015farj edebilmektedir. \u015earj zaman aral\u0131\u011f\u0131 8 \u2013 14 saat aras\u0131ndad\u0131r ve bu zaman aral\u0131\u011f\u0131 anma ak\u0131m\u0131 se\u00e7imi ile belirlenir.<\/h5>\n<p>[\/vc_column_text][dfd_spacer screen_wide_spacer_size=&#8221;60&#8243; screen_normal_resolution=&#8221;1024&#8243; screen_tablet_resolution=&#8221;800&#8243; screen_mobile_resolution=&#8221;480&#8243; tutorials=&#8221;&#8221;][dfd_single_image image=&#8221;1226&#8243; tutorials=&#8221;&#8221;][\/vc_column][vc_column width=&#8221;1\/2&#8243;][dfd_single_image image=&#8221;1224&#8243; tutorials=&#8221;&#8221;][\/vc_column][\/vc_row][vc_row][vc_column width=&#8221;1\/2&#8243;][dfd_spacer screen_wide_spacer_size=&#8221;50&#8243; screen_normal_resolution=&#8221;1024&#8243; screen_tablet_resolution=&#8221;800&#8243; screen_mobile_resolution=&#8221;480&#8243; tutorials=&#8221;&#8221;][vc_column_text]<\/p>\n<h5>Firmam\u0131z \u00e7e\u015fitli g\u00fc\u00e7ler ve \u00f6zelliklerde s\u0131f\u0131r ve ikinci el redres\u00f6r sat\u0131\u015f\u0131 yapmaktad\u0131r. \u00c7e\u015fitli g\u00fc\u00e7lerde Mekap marka redres\u00f6rler stok bulunmaktad\u0131r. M\u00fc\u015fteri istedi\u011fi takdirde di\u011fer markalar\u0131n \u00fcr\u00fcnleri temin edilebilmektedir.<\/h5>\n<h5>Firmam\u0131z geri d\u00f6n\u00fc\u015f\u00fcme \u00f6nem vermektedir. Bu nedenle ar\u0131zal\u0131 ve ikinci el redres\u00f6rleri alarak tekrar \u00fcretim s\u00fcrecine katk\u0131 sa\u011flamaktad\u0131r.<\/h5>\n<h5>Ayr\u0131nt\u0131l\u0131 bilgi ve fiyat i\u00e7in l\u00fctfen ileti\u015fime ge\u00e7iniz.<\/h5>\n<p>[\/vc_column_text][\/vc_column][vc_column width=&#8221;1\/2&#8243;][dfd_single_image image=&#8221;1227&#8243; tutorials=&#8221;&#8221;][\/vc_column][\/vc_row]<\/p>\n","protected":false},"excerpt":{"rendered":"<p>[vc_row][vc_column width=&#8221;1\/2&#8243;][vc_column_text] Redres\u00f6r \u00fcnitesi kur\u015funlu traksiyoner ak\u00fc \u015farj edebilmesi i\u00e7in tasarlanm\u0131\u015ft\u0131r. \u00c7al\u0131\u015fma ak\u0131mlar\u0131 10 A ile 250 A aras\u0131ndad\u0131r. 6 V ile 96 aras\u0131ndaki ak\u00fcleri \u015farj edebilmektedir. \u015earj zaman aral\u0131\u011f\u0131<\/p>\n","protected":false},"author":1,"featured_media":0,"parent":0,"menu_order":0,"comment_status":"closed","ping_status":"closed","template":"","meta":[],"_links":{"self":[{"href":"https:\/\/adanaaku.com.tr\/index.php\/wp-json\/wp\/v2\/pages\/1223"}],"collection":[{"href":"https:\/\/adanaaku.com.tr\/index.php\/wp-json\/wp\/v2\/pages"}],"about":[{"href":"https:\/\/adanaaku.com.tr\/index.php\/wp-json\/wp\/v2\/types\/page"}],"author":[{"embeddable":true,"href":"https:\/\/adanaaku.com.tr\/index.php\/wp-json\/wp\/v2\/users\/1"}],"replies":[{"embeddable":true,"href":"https:\/\/adanaaku.com.tr\/index.php\/wp-json\/wp\/v2\/comments?post=1223"}],"version-history":[{"count":3,"href":"https:\/\/adanaaku.com.tr\/index.php\/wp-json\/wp\/v2\/pages\/1223\/revisions"}],"predecessor-version":[{"id":1229,"href":"https:\/\/adanaaku.com.tr\/index.php\/wp-json\/wp\/v2\/pages\/1223\/revisions\/1229"}],"wp:attachment":[{"href":"https:\/\/adanaaku.com.tr\/index.php\/wp-json\/wp\/v2\/media?parent=1223"}],"curies":[{"name":"wp","href":"https:\/\/api.w.org\/{rel}","templated":true}]}}