{"id":1236,"date":"2022-06-21T17:13:07","date_gmt":"2022-06-21T14:13:07","guid":{"rendered":"https:\/\/adanaaku.com.tr\/?page_id=1236"},"modified":"2022-06-21T17:16:05","modified_gmt":"2022-06-21T14:16:05","slug":"aku-yedek-parca","status":"publish","type":"page","link":"https:\/\/adanaaku.com.tr\/index.php\/aku-yedek-parca\/","title":{"rendered":"Ak\u00fc Yedek Par\u00e7a"},"content":{"rendered":"<p>[vc_row][vc_column width=&#8221;1\/2&#8243;][dfd_single_image image=&#8221;1243&#8243; tutorials=&#8221;&#8221; img_rounded=&#8221;30&#8243;][\/vc_column][vc_column width=&#8221;1\/2&#8243; col_shadow=&#8221;box_shadow_enable:disable|shadow_horizontal:0|shadow_vertical:15|shadow_blur:50|shadow_spread:0|box_shadow_color:rgba(0%2C0%2C0%2C0.35)&#8221; col_shadow_hover=&#8221;box_shadow_enable:disable|shadow_horizontal:0|shadow_vertical:15|shadow_blur:50|shadow_spread:0|box_shadow_color:rgba(0%2C0%2C0%2C0.35)&#8221;][vc_column_text]<strong>T\u00fcm ak\u00fc yedek par\u00e7alar\u0131 firmam\u0131zda stok olarak bulunmaktad\u0131r.<\/strong><\/p>\n<p><strong>Ayr\u0131nt\u0131l\u0131 bilgi ve fiyat i\u00e7in l\u00fctfen ileti\u015fime ge\u00e7iniz.<\/strong>[\/vc_column_text][dfd_spacer screen_wide_spacer_size=&#8221;19&#8243; screen_normal_resolution=&#8221;1024&#8243; screen_tablet_resolution=&#8221;800&#8243; screen_mobile_resolution=&#8221;480&#8243; tutorials=&#8221;&#8221;][dfd_simple_image_gallery dfd_layer_image=&#8221;1238,1239,1240,1241,1242,1244&#8243; items_offset=&#8221;0&#8243; image_width=&#8221;900&#8243; image_height=&#8221;600&#8243; isotope_columns=&#8221;3&#8243; images_style=&#8221;fitRows&#8221; tutorials=&#8221;&#8221;][\/vc_column][\/vc_row]<\/p>\n","protected":false},"excerpt":{"rendered":"<p>[vc_row][vc_column width=&#8221;1\/2&#8243;][dfd_single_image image=&#8221;1243&#8243; tutorials=&#8221;&#8221; img_rounded=&#8221;30&#8243;][\/vc_column][vc_column width=&#8221;1\/2&#8243; col_shadow=&#8221;box_shadow_enable:disable|shadow_horizontal:0|shadow_vertical:15|shadow_blur:50|shadow_spread:0|box_shadow_color:rgba(0%2C0%2C0%2C0.35)&#8221; col_shadow_hover=&#8221;box_shadow_enable:disable|shadow_horizontal:0|shadow_vertical:15|shadow_blur:50|shadow_spread:0|box_shadow_color:rgba(0%2C0%2C0%2C0.35)&#8221;][vc_column_text]T\u00fcm ak\u00fc yedek par\u00e7alar\u0131 firmam\u0131zda stok olarak bulunmaktad\u0131r. Ayr\u0131nt\u0131l\u0131 bilgi ve fiyat i\u00e7in l\u00fctfen ileti\u015fime ge\u00e7iniz.[\/vc_column_text][dfd_spacer screen_wide_spacer_size=&#8221;19&#8243; screen_normal_resolution=&#8221;1024&#8243; screen_tablet_resolution=&#8221;800&#8243; screen_mobile_resolution=&#8221;480&#8243; tutorials=&#8221;&#8221;][dfd_simple_image_gallery dfd_layer_image=&#8221;1238,1239,1240,1241,1242,1244&#8243; items_offset=&#8221;0&#8243;<\/p>\n","protected":false},"author":1,"featured_media":0,"parent":0,"menu_order":0,"comment_status":"closed","ping_status":"closed","template":"","meta":[],"_links":{"self":[{"href":"https:\/\/adanaaku.com.tr\/index.php\/wp-json\/wp\/v2\/pages\/1236"}],"collection":[{"href":"https:\/\/adanaaku.com.tr\/index.php\/wp-json\/wp\/v2\/pages"}],"about":[{"href":"https:\/\/adanaaku.com.tr\/index.php\/wp-json\/wp\/v2\/types\/page"}],"author":[{"embeddable":true,"href":"https:\/\/adanaaku.com.tr\/index.php\/wp-json\/wp\/v2\/users\/1"}],"replies":[{"embeddable":true,"href":"https:\/\/adanaaku.com.tr\/index.php\/wp-json\/wp\/v2\/comments?post=1236"}],"version-history":[{"count":2,"href":"https:\/\/adanaaku.com.tr\/index.php\/wp-json\/wp\/v2\/pages\/1236\/revisions"}],"predecessor-version":[{"id":1245,"href":"https:\/\/adanaaku.com.tr\/index.php\/wp-json\/wp\/v2\/pages\/1236\/revisions\/1245"}],"wp:attachment":[{"href":"https:\/\/adanaaku.com.tr\/index.php\/wp-json\/wp\/v2\/media?parent=1236"}],"curies":[{"name":"wp","href":"https:\/\/api.w.org\/{rel}","templated":true}]}}