{"id":824,"date":"2020-10-21T10:42:24","date_gmt":"2020-10-21T07:42:24","guid":{"rendered":"https:\/\/adanaaku.com.tr\/?page_id=824"},"modified":"2022-05-09T00:17:17","modified_gmt":"2022-05-08T21:17:17","slug":"kurumsal","status":"publish","type":"page","link":"https:\/\/adanaaku.com.tr\/index.php\/kurumsal\/","title":{"rendered":"Kurumsal"},"content":{"rendered":"<p>[vc_row force_equal_height_columns=&#8221;main_row&#8221;][vc_column width=&#8221;1\/3&#8243; cus_bg_position=&#8221;left center&#8221; cus_bg_repeat=&#8221;no-repeat&#8221; css=&#8221;.vc_custom_1603268959109{background-image: url(https:\/\/adanaaku.com.tr\/wp-content\/uploads\/2020\/10\/hakkimizda.jpg?id=827) !important;background-position: center !important;background-repeat: no-repeat !important;background-size: cover !important;}&#8221; col_shadow=&#8221;box_shadow_enable:disable|shadow_horizontal:0|shadow_vertical:15|shadow_blur:50|shadow_spread:0|box_shadow_color:rgba(0%2C0%2C0%2C0.35)&#8221; col_shadow_hover=&#8221;box_shadow_enable:disable|shadow_horizontal:0|shadow_vertical:15|shadow_blur:50|shadow_spread:0|box_shadow_color:rgba(0%2C0%2C0%2C0.35)&#8221;][\/vc_column][vc_column width=&#8221;2\/3&#8243;][dfd_spacer screen_wide_spacer_size=&#8221;40&#8243; screen_normal_resolution=&#8221;1024&#8243; screen_tablet_resolution=&#8221;800&#8243; screen_mobile_resolution=&#8221;480&#8243;][vc_column_text css=&#8221;.vc_custom_1652044623708{padding-right: 40px !important;padding-left: 40px !important;}&#8221;]<\/p>\n<h3><strong>Hakk\u0131m\u0131zda<\/strong><\/h3>\n<p>Firmam\u0131z 25 y\u0131ll\u0131k tecr\u00fcbesi ile m\u00fc\u015fteri memnuniyetini \u00f6n planda tutarak hizmet vermektedir.<\/p>\n<p>M\u00fc\u015fterilerimizin kullanm\u0131\u015f oldu\u011fu ak\u00fcleri \u00e7e\u015fitli revizyon i\u015flemlerinden ge\u00e7irerek, ak\u00fclerinden y\u00fcksek performans ve maksimum verim almalar\u0131n\u0131 sa\u011fl\u0131yoruz. Tecr\u00fcbelerimizi m\u00fc\u015fterilerimiz ile payla\u015farak do\u011fru ak\u00fc se\u00e7imi yapmalar\u0131n\u0131 sa\u011flamaktay\u0131z.<\/p>\n<p>Enerji konusunda iddial\u0131 olan firmam\u0131z yenilik\u00e7i ve teknolojiye uyum sa\u011flayan yap\u0131s\u0131 ile arge \u00e7al\u0131\u015fmalar\u0131n\u0131 s\u00fcrd\u00fcrmektedir.<\/p>\n<p>Firmam\u0131z tecr\u00fcbeleri sayesinde b\u00f6lgesinde \u00f6nc\u00fc firma olmay\u0131 ba\u015fararak g\u00fc\u00e7l\u00fc ad\u0131mlar ile ilerlemektedir.<\/p>\n<p>ENERJ\u0130N\u0130Z\u0130 YARINLARA TA\u015eIYALIM![\/vc_column_text][dfd_spacer screen_wide_spacer_size=&#8221;40&#8243; screen_normal_resolution=&#8221;1024&#8243; screen_tablet_resolution=&#8221;800&#8243; screen_mobile_resolution=&#8221;480&#8243;][\/vc_column][\/vc_row][vc_row][vc_column][dfd_spacer screen_wide_spacer_size=&#8221;80&#8243; screen_normal_resolution=&#8221;1024&#8243; screen_tablet_resolution=&#8221;800&#8243; screen_mobile_resolution=&#8221;480&#8243;][\/vc_column][\/vc_row][vc_row force_equal_height_columns=&#8221;main_row&#8221;][vc_column width=&#8221;1\/4&#8243; cus_bg_repeat=&#8221;no-repeat&#8221; css=&#8221;.vc_custom_1603269109509{background-image: url(https:\/\/adanaaku.com.tr\/wp-content\/uploads\/2020\/10\/Battery_Equipment_03.jpg?id=828) !important;background-position: center !important;background-repeat: no-repeat !important;background-size: cover !important;}&#8221; col_shadow=&#8221;box_shadow_enable:disable|shadow_horizontal:0|shadow_vertical:15|shadow_blur:50|shadow_spread:0|box_shadow_color:rgba(0%2C0%2C0%2C0.35)&#8221; col_shadow_hover=&#8221;box_shadow_enable:disable|shadow_horizontal:0|shadow_vertical:15|shadow_blur:50|shadow_spread:0|box_shadow_color:rgba(0%2C0%2C0%2C0.35)&#8221;][\/vc_column][vc_column width=&#8221;1\/4&#8243; css=&#8221;.vc_custom_1603269501425{background-color: #eaeaea !important;}&#8221; col_shadow=&#8221;box_shadow_enable:disable|shadow_horizontal:0|shadow_vertical:15|shadow_blur:50|shadow_spread:0|box_shadow_color:rgba(0%2C0%2C0%2C0.35)&#8221; col_shadow_hover=&#8221;box_shadow_enable:disable|shadow_horizontal:0|shadow_vertical:15|shadow_blur:50|shadow_spread:0|box_shadow_color:rgba(0%2C0%2C0%2C0.35)&#8221;][dfd_spacer screen_wide_spacer_size=&#8221;20&#8243; screen_normal_resolution=&#8221;1024&#8243; screen_tablet_resolution=&#8221;800&#8243; screen_mobile_resolution=&#8221;480&#8243;][vc_column_text css=&#8221;.vc_custom_1652044521560{padding-right: 20px !important;padding-left: 20px !important;}&#8221;]<\/p>\n<h3>Misyon<\/h3>\n<p>Kaliteden \u00f6d\u00fcn vermeden tarafs\u0131z ve g\u00fcvenilir bir \u015fekilde m\u00fc\u015fteri isteklerini kar\u015f\u0131lamak.<\/p>\n<p>Personel ile olan ortak \u00e7al\u0131\u015fmalar sonucunda m\u00fc\u015fterilerimize objektif \u00e7\u00f6z\u00fcmler sunarak m\u00fc\u015fterinin isteklerini ve ihtiya\u00e7lar\u0131n\u0131 k\u0131sa s\u00fcrede \u00e7\u00f6z\u00fcme kavu\u015fturmak.[\/vc_column_text][dfd_spacer screen_wide_spacer_size=&#8221;20&#8243; screen_normal_resolution=&#8221;1024&#8243; screen_tablet_resolution=&#8221;800&#8243; screen_mobile_resolution=&#8221;480&#8243;][\/vc_column][vc_column width=&#8221;1\/4&#8243; col_shadow=&#8221;box_shadow_enable:disable|shadow_horizontal:0|shadow_vertical:15|shadow_blur:50|shadow_spread:0|box_shadow_color:rgba(0%2C0%2C0%2C0.35)&#8221; col_shadow_hover=&#8221;box_shadow_enable:disable|shadow_horizontal:0|shadow_vertical:15|shadow_blur:50|shadow_spread:0|box_shadow_color:rgba(0%2C0%2C0%2C0.35)&#8221; css=&#8221;.vc_custom_1603269248048{background-image: url(https:\/\/adanaaku.com.tr\/wp-content\/uploads\/2020\/10\/HYUNDAI-Forklift-truck_1.jpg?id=829) !important;background-position: center !important;background-repeat: no-repeat !important;background-size: cover !important;}&#8221;][\/vc_column][vc_column width=&#8221;1\/4&#8243; css=&#8221;.vc_custom_1603271477227{background-color: #eaeaea !important;}&#8221; col_shadow=&#8221;box_shadow_enable:disable|shadow_horizontal:0|shadow_vertical:15|shadow_blur:50|shadow_spread:0|box_shadow_color:rgba(0%2C0%2C0%2C0.35)&#8221; col_shadow_hover=&#8221;box_shadow_enable:disable|shadow_horizontal:0|shadow_vertical:15|shadow_blur:50|shadow_spread:0|box_shadow_color:rgba(0%2C0%2C0%2C0.35)&#8221;][dfd_spacer screen_wide_spacer_size=&#8221;20&#8243; screen_normal_resolution=&#8221;1024&#8243; screen_tablet_resolution=&#8221;800&#8243; screen_mobile_resolution=&#8221;480&#8243;][vc_column_text css=&#8221;.vc_custom_1652044529774{padding-right: 20px !important;padding-left: 20px !important;}&#8221;]<\/p>\n<h3>Vizyon<\/h3>\n<p>\u015eirket olarak; kalitemizden \u00f6d\u00fcn vermeden kalite standartlar\u0131n\u0131 daha \u00fcst seviyelere ta\u015f\u0131yarak, sat\u0131\u015f ve servis a\u011f\u0131m\u0131z\u0131 geni\u015fleterek, m\u00fc\u015fterilere daha h\u0131zl\u0131 ve kalite \u00e7\u00f6z\u00fcmler sunarak lider \u015firketlerden biri haline gelmektir.[\/vc_column_text][dfd_spacer screen_wide_spacer_size=&#8221;20&#8243; screen_normal_resolution=&#8221;1024&#8243; screen_tablet_resolution=&#8221;800&#8243; screen_mobile_resolution=&#8221;480&#8243;][\/vc_column][\/vc_row][vc_row][vc_column][dfd_spacer screen_wide_spacer_size=&#8221;20&#8243; screen_normal_resolution=&#8221;1024&#8243; screen_tablet_resolution=&#8221;800&#8243; screen_mobile_resolution=&#8221;480&#8243;][dfd_heading subtitle=&#8221;&#8221; delimiter_settings=&#8221;delimiter_style:solid|delimiter_width:80|delimiter_height:1&#8243; undefined=&#8221;&#8221; title_font_options=&#8221;tag:h2&#8243; subtitle_font_options=&#8221;tag:div&#8221;]\u00dcr\u00fcnlerimiz[\/dfd_heading][dfd_spacer screen_wide_spacer_size=&#8221;20&#8243; screen_normal_resolution=&#8221;1024&#8243; screen_tablet_resolution=&#8221;800&#8243; screen_mobile_resolution=&#8221;480&#8243;][dfd_products_list posts_to_show=&#8221;4&#8243; items_offset=&#8221;20&#8243; thumb_radius=&#8221;0&#8243; columns=&#8221;4&#8243; post_show_subtitle=&#8221;&#8221; post_show_price=&#8221;&#8221; post_show_rating=&#8221;&#8221; post_show_add_to_cart=&#8221;&#8221; post_show_wishlist=&#8221;&#8221; post_content_style=&#8221;style-1&#8243; box_shadow=&#8221;box_shadow_enable:disable|shadow_horizontal:0|shadow_vertical:15|shadow_blur:50|shadow_spread:0|box_shadow_color:rgba(0%2C0%2C0%2C0.35)&#8221; hover_box_shadow=&#8221;box_shadow_enable:disable|shadow_horizontal:0|shadow_vertical:15|shadow_blur:50|shadow_spread:0|box_shadow_color:rgba(0%2C0%2C0%2C0.35)&#8221;][dfd_spacer screen_wide_spacer_size=&#8221;20&#8243; screen_normal_resolution=&#8221;1024&#8243; screen_tablet_resolution=&#8221;800&#8243; screen_mobile_resolution=&#8221;480&#8243;][\/vc_column][\/vc_row]<\/p>\n","protected":false},"excerpt":{"rendered":"<p>[vc_row force_equal_height_columns=&#8221;main_row&#8221;][vc_column width=&#8221;1\/3&#8243; cus_bg_position=&#8221;left center&#8221; cus_bg_repeat=&#8221;no-repeat&#8221; css=&#8221;.vc_custom_1603268959109{background-image: url(https:\/\/adanaaku.com.tr\/wp-content\/uploads\/2020\/10\/hakkimizda.jpg?id=827) !important;background-position: center !important;background-repeat: no-repeat !important;background-size: cover !important;}&#8221; col_shadow=&#8221;box_shadow_enable:disable|shadow_horizontal:0|shadow_vertical:15|shadow_blur:50|shadow_spread:0|box_shadow_color:rgba(0%2C0%2C0%2C0.35)&#8221; col_shadow_hover=&#8221;box_shadow_enable:disable|shadow_horizontal:0|shadow_vertical:15|shadow_blur:50|shadow_spread:0|box_shadow_color:rgba(0%2C0%2C0%2C0.35)&#8221;][\/vc_column][vc_column width=&#8221;2\/3&#8243;][dfd_spacer screen_wide_spacer_size=&#8221;40&#8243; screen_normal_resolution=&#8221;1024&#8243; screen_tablet_resolution=&#8221;800&#8243; screen_mobile_resolution=&#8221;480&#8243;][vc_column_text css=&#8221;.vc_custom_1652044623708{padding-right: 40px !important;padding-left: 40px !important;}&#8221;] Hakk\u0131m\u0131zda Firmam\u0131z 25<\/p>\n","protected":false},"author":1,"featured_media":0,"parent":0,"menu_order":0,"comment_status":"closed","ping_status":"closed","template":"","meta":[],"_links":{"self":[{"href":"https:\/\/adanaaku.com.tr\/index.php\/wp-json\/wp\/v2\/pages\/824"}],"collection":[{"href":"https:\/\/adanaaku.com.tr\/index.php\/wp-json\/wp\/v2\/pages"}],"about":[{"href":"https:\/\/adanaaku.com.tr\/index.php\/wp-json\/wp\/v2\/types\/page"}],"author":[{"embeddable":true,"href":"https:\/\/adanaaku.com.tr\/index.php\/wp-json\/wp\/v2\/users\/1"}],"replies":[{"embeddable":true,"href":"https:\/\/adanaaku.com.tr\/index.php\/wp-json\/wp\/v2\/comments?post=824"}],"version-history":[{"count":15,"href":"https:\/\/adanaaku.com.tr\/index.php\/wp-json\/wp\/v2\/pages\/824\/revisions"}],"predecessor-version":[{"id":1130,"href":"https:\/\/adanaaku.com.tr\/index.php\/wp-json\/wp\/v2\/pages\/824\/revisions\/1130"}],"wp:attachment":[{"href":"https:\/\/adanaaku.com.tr\/index.php\/wp-json\/wp\/v2\/media?parent=824"}],"curies":[{"name":"wp","href":"https:\/\/api.w.org\/{rel}","templated":true}]}}