{"id":839,"date":"2020-10-21T12:14:14","date_gmt":"2020-10-21T09:14:14","guid":{"rendered":"https:\/\/adanaaku.com.tr\/?page_id=839"},"modified":"2022-06-19T22:52:37","modified_gmt":"2022-06-19T19:52:37","slug":"hizmetlerimiz","status":"publish","type":"page","link":"https:\/\/adanaaku.com.tr\/index.php\/hizmetlerimiz\/","title":{"rendered":"Hizmetlerimiz"},"content":{"rendered":"<p>[vc_row][vc_column width=&#8221;1\/6&#8243;][dfd_spacer screen_wide_spacer_size=&#8221;20&#8243; screen_normal_resolution=&#8221;1024&#8243; screen_tablet_resolution=&#8221;800&#8243; screen_mobile_resolution=&#8221;480&#8243;][dfd_info_box title=&#8221;Ak\u00fc<br \/>\nAl\u0131m-Sat\u0131m&#8221; subtitle=&#8221;&#8221; main_content=&#8221;&#8221; icon_type=&#8221;custom&#8221; main_style=&#8221;style-1&#8243; main_layout=&#8221;layout-1&#8243; undefined=&#8221;&#8221; icon_image_id=&#8221;770&#8243; title_font_options=&#8221;tag:div&#8221; tutorials=&#8221;&#8221;][dfd_spacer screen_wide_spacer_size=&#8221;20&#8243; screen_normal_resolution=&#8221;1024&#8243; screen_tablet_resolution=&#8221;800&#8243; screen_mobile_resolution=&#8221;480&#8243;][\/vc_column][vc_column width=&#8221;1\/6&#8243;][dfd_spacer screen_wide_spacer_size=&#8221;20&#8243; screen_normal_resolution=&#8221;1024&#8243; screen_tablet_resolution=&#8221;800&#8243; screen_mobile_resolution=&#8221;480&#8243;][dfd_info_box title=&#8221;Ak\u00fc<br \/>\nBak\u0131m Onar\u0131m&#8221; subtitle=&#8221;&#8221; main_content=&#8221;&#8221; icon_type=&#8221;custom&#8221; main_style=&#8221;style-1&#8243; main_layout=&#8221;layout-1&#8243; undefined=&#8221;&#8221; icon_image_id=&#8221;1194&#8243; title_font_options=&#8221;tag:div&#8221; tutorials=&#8221;&#8221;][dfd_spacer screen_wide_spacer_size=&#8221;20&#8243; screen_normal_resolution=&#8221;1024&#8243; screen_tablet_resolution=&#8221;800&#8243; screen_mobile_resolution=&#8221;480&#8243;][\/vc_column][vc_column width=&#8221;1\/6&#8243;][dfd_spacer screen_wide_spacer_size=&#8221;20&#8243; screen_normal_resolution=&#8221;1024&#8243; screen_tablet_resolution=&#8221;800&#8243; screen_mobile_resolution=&#8221;480&#8243;][dfd_info_box title=&#8221;Ak\u00fc<br \/>\nKiralama&#8221; subtitle=&#8221;&#8221; main_content=&#8221;&#8221; icon_type=&#8221;custom&#8221; main_style=&#8221;style-1&#8243; main_layout=&#8221;layout-1&#8243; undefined=&#8221;&#8221; icon_image_id=&#8221;770&#8243; title_font_options=&#8221;tag:div&#8221; tutorials=&#8221;&#8221;][dfd_spacer screen_wide_spacer_size=&#8221;20&#8243; screen_normal_resolution=&#8221;1024&#8243; screen_tablet_resolution=&#8221;800&#8243; screen_mobile_resolution=&#8221;480&#8243;][\/vc_column][vc_column width=&#8221;1\/6&#8243;][dfd_spacer screen_wide_spacer_size=&#8221;20&#8243; screen_normal_resolution=&#8221;1024&#8243; screen_tablet_resolution=&#8221;800&#8243; screen_mobile_resolution=&#8221;480&#8243;][dfd_info_box title=&#8221;Redres\u00f6r<br \/>\nAl\u0131m-Sat\u0131m&#8221; subtitle=&#8221;&#8221; main_content=&#8221;&#8221; icon_type=&#8221;custom&#8221; main_style=&#8221;style-1&#8243; main_layout=&#8221;layout-1&#8243; undefined=&#8221;&#8221; icon_image_id=&#8221;1199&#8243; title_font_options=&#8221;tag:div&#8221; tutorials=&#8221;&#8221;][dfd_spacer screen_wide_spacer_size=&#8221;20&#8243; screen_normal_resolution=&#8221;1024&#8243; screen_tablet_resolution=&#8221;800&#8243; screen_mobile_resolution=&#8221;480&#8243;][\/vc_column][vc_column width=&#8221;1\/6&#8243;][dfd_spacer screen_wide_spacer_size=&#8221;20&#8243; screen_normal_resolution=&#8221;1024&#8243; screen_tablet_resolution=&#8221;800&#8243; screen_mobile_resolution=&#8221;480&#8243;][dfd_info_box title=&#8221;Redres\u00f6r<br \/>\nBak\u0131m-Onar\u0131m&#8221; subtitle=&#8221;&#8221; main_content=&#8221;&#8221; icon_type=&#8221;custom&#8221; main_style=&#8221;style-1&#8243; main_layout=&#8221;layout-1&#8243; undefined=&#8221;&#8221; icon_image_id=&#8221;1200&#8243; title_font_options=&#8221;tag:div&#8221; tutorials=&#8221;&#8221;][dfd_spacer screen_wide_spacer_size=&#8221;20&#8243; screen_normal_resolution=&#8221;1024&#8243; screen_tablet_resolution=&#8221;800&#8243; screen_mobile_resolution=&#8221;480&#8243;][\/vc_column][vc_column width=&#8221;1\/6&#8243;][dfd_spacer screen_wide_spacer_size=&#8221;20&#8243; screen_normal_resolution=&#8221;1024&#8243; screen_tablet_resolution=&#8221;800&#8243; screen_mobile_resolution=&#8221;480&#8243;][dfd_info_box title=&#8221;Yedek<br \/>\nPar\u00e7a&#8221; subtitle=&#8221;&#8221; main_content=&#8221;&#8221; icon_type=&#8221;custom&#8221; main_style=&#8221;style-1&#8243; main_layout=&#8221;layout-1&#8243; undefined=&#8221;&#8221; icon_image_id=&#8221;1201&#8243; title_font_options=&#8221;tag:div&#8221; tutorials=&#8221;&#8221;][dfd_spacer screen_wide_spacer_size=&#8221;20&#8243; screen_normal_resolution=&#8221;1024&#8243; screen_tablet_resolution=&#8221;800&#8243; screen_mobile_resolution=&#8221;480&#8243;][\/vc_column][\/vc_row][vc_row][vc_column][dfd_spacer screen_wide_spacer_size=&#8221;40&#8243; screen_normal_resolution=&#8221;1024&#8243; screen_tablet_resolution=&#8221;800&#8243; screen_mobile_resolution=&#8221;480&#8243;][\/vc_column][\/vc_row][vc_row force_equal_height_columns=&#8221;main_row&#8221;][vc_column][dfd_single_image image=&#8221;1146&#8243; tutorials=&#8221;&#8221;][\/vc_column][\/vc_row][vc_row][vc_column width=&#8221;1\/3&#8243;][dfd_single_image hover_style=&#8221;dfd-image-shadow&#8221; image=&#8221;1177&#8243; img_rounded=&#8221;20&#8243; tutorials=&#8221;&#8221;][\/vc_column][vc_column width=&#8221;1\/3&#8243;][dfd_single_image hover_style=&#8221;dfd-image-shadow&#8221; image=&#8221;1174&#8243; img_rounded=&#8221;20&#8243; tutorials=&#8221;&#8221;][\/vc_column][vc_column width=&#8221;1\/3&#8243;][dfd_single_image hover_style=&#8221;dfd-image-shadow&#8221; image=&#8221;1147&#8243; img_rounded=&#8221;20&#8243; tutorials=&#8221;&#8221;][\/vc_column][\/vc_row][vc_row force_equal_height_columns=&#8221;main_row&#8221;][vc_column][dfd_single_image image=&#8221;1202&#8243; tutorials=&#8221;&#8221;][\/vc_column][\/vc_row][vc_row force_equal_height_columns=&#8221;main_row&#8221;][vc_column width=&#8221;1\/3&#8243;][dfd_single_image image=&#8221;1203&#8243; tutorials=&#8221;&#8221; img_rounded=&#8221;20&#8243;][\/vc_column][vc_column width=&#8221;1\/3&#8243;][dfd_single_image image=&#8221;1141&#8243; tutorials=&#8221;&#8221; img_rounded=&#8221;20&#8243;][\/vc_column][vc_column width=&#8221;1\/3&#8243;][dfd_single_image image=&#8221;1140&#8243; tutorials=&#8221;&#8221; img_rounded=&#8221;20&#8243;][\/vc_column][\/vc_row][vc_row][vc_column][dfd_spacer screen_wide_spacer_size=&#8221;40&#8243; screen_normal_resolution=&#8221;1024&#8243; screen_tablet_resolution=&#8221;800&#8243; screen_mobile_resolution=&#8221;480&#8243;][\/vc_column][\/vc_row]<\/p>\n","protected":false},"excerpt":{"rendered":"<p>[vc_row][vc_column width=&#8221;1\/6&#8243;][dfd_spacer screen_wide_spacer_size=&#8221;20&#8243; screen_normal_resolution=&#8221;1024&#8243; screen_tablet_resolution=&#8221;800&#8243; screen_mobile_resolution=&#8221;480&#8243;][dfd_info_box title=&#8221;Ak\u00fc Al\u0131m-Sat\u0131m&#8221; subtitle=&#8221;&#8221; main_content=&#8221;&#8221; icon_type=&#8221;custom&#8221; main_style=&#8221;style-1&#8243; main_layout=&#8221;layout-1&#8243; undefined=&#8221;&#8221; icon_image_id=&#8221;770&#8243; title_font_options=&#8221;tag:div&#8221; tutorials=&#8221;&#8221;][dfd_spacer screen_wide_spacer_size=&#8221;20&#8243; screen_normal_resolution=&#8221;1024&#8243; screen_tablet_resolution=&#8221;800&#8243; screen_mobile_resolution=&#8221;480&#8243;][\/vc_column][vc_column width=&#8221;1\/6&#8243;][dfd_spacer screen_wide_spacer_size=&#8221;20&#8243; screen_normal_resolution=&#8221;1024&#8243; screen_tablet_resolution=&#8221;800&#8243; screen_mobile_resolution=&#8221;480&#8243;][dfd_info_box title=&#8221;Ak\u00fc Bak\u0131m Onar\u0131m&#8221; subtitle=&#8221;&#8221;<\/p>\n","protected":false},"author":1,"featured_media":0,"parent":0,"menu_order":0,"comment_status":"closed","ping_status":"closed","template":"tmp-page.php","meta":[],"_links":{"self":[{"href":"https:\/\/adanaaku.com.tr\/index.php\/wp-json\/wp\/v2\/pages\/839"}],"collection":[{"href":"https:\/\/adanaaku.com.tr\/index.php\/wp-json\/wp\/v2\/pages"}],"about":[{"href":"https:\/\/adanaaku.com.tr\/index.php\/wp-json\/wp\/v2\/types\/page"}],"author":[{"embeddable":true,"href":"https:\/\/adanaaku.com.tr\/index.php\/wp-json\/wp\/v2\/users\/1"}],"replies":[{"embeddable":true,"href":"https:\/\/adanaaku.com.tr\/index.php\/wp-json\/wp\/v2\/comments?post=839"}],"version-history":[{"count":11,"href":"https:\/\/adanaaku.com.tr\/index.php\/wp-json\/wp\/v2\/pages\/839\/revisions"}],"predecessor-version":[{"id":1204,"href":"https:\/\/adanaaku.com.tr\/index.php\/wp-json\/wp\/v2\/pages\/839\/revisions\/1204"}],"wp:attachment":[{"href":"https:\/\/adanaaku.com.tr\/index.php\/wp-json\/wp\/v2\/media?parent=839"}],"curies":[{"name":"wp","href":"https:\/\/api.w.org\/{rel}","templated":true}]}}