{"id":902,"date":"2020-10-22T12:00:16","date_gmt":"2020-10-22T09:00:16","guid":{"rendered":"https:\/\/adanaaku.com.tr\/?page_id=902"},"modified":"2022-07-04T17:46:41","modified_gmt":"2022-07-04T14:46:41","slug":"aku-ve-revizyonu","status":"publish","type":"page","link":"https:\/\/adanaaku.com.tr\/index.php\/aku-ve-revizyonu\/","title":{"rendered":"Ak\u00fc Bak\u0131m Onar\u0131m"},"content":{"rendered":"<p>[vc_row force_equal_height_columns=&#8221;main_row&#8221;][vc_column width=&#8221;1\/12&#8243;][\/vc_column][vc_column width=&#8221;5\/12&#8243;][vc_column_text]Ak\u00fc Revizyon: Eskimi\u015f, g\u00fcc\u00fcn\u00fc kaybetmi\u015f ak\u00fclerinizi organik \u00f6zel \u00fcr\u00fcnlerimiz ve yurt d\u0131\u015f\u0131ndan getirdi\u011fimiz \u00f6zel test ve onar\u0131m cihazlar\u0131 ile daha uzun s\u00fcre kullanman\u0131z\u0131 sa\u011fl\u0131yoruz. Eski ak\u00fcn\u00fcz yerinden bizim taraf\u0131m\u0131zdan al\u0131n\u0131p i\u015flemleri bittikten sonra yerinize teslim ediyor ve bu i\u015flem i\u00e7in ak\u00fcn\u00fcze test raporu vererek son durumu hakk\u0131nda t\u00fcm detaylara sahip oluyorsunuz.[\/vc_column_text][\/vc_column][vc_column width=&#8221;1\/2&#8243;][dfd_single_image image=&#8221;905&#8243;][\/vc_column][\/vc_row][vc_row force_equal_height_columns=&#8221;main_row&#8221;][vc_column width=&#8221;1\/6&#8243;][dfd_single_image image_size=&#8221;thumb&#8221; enable_link=&#8221;yes&#8221; image=&#8221;908&#8243;][dfd_single_image image_size=&#8221;thumb&#8221; enable_link=&#8221;yes&#8221; image=&#8221;911&#8243;][dfd_single_image image_size=&#8221;thumb&#8221; enable_link=&#8221;yes&#8221; image=&#8221;910&#8243;][\/vc_column][vc_column width=&#8221;5\/12&#8243; css=&#8221;.vc_custom_1603358341918{margin-left: -35px !important;background-position: center !important;background-repeat: no-repeat !important;background-size: cover !important;}&#8221; col_shadow=&#8221;box_shadow_enable:disable|shadow_horizontal:0|shadow_vertical:15|shadow_blur:50|shadow_spread:0|box_shadow_color:rgba(0%2C0%2C0%2C0.35)&#8221; col_shadow_hover=&#8221;box_shadow_enable:disable|shadow_horizontal:0|shadow_vertical:15|shadow_blur:50|shadow_spread:0|box_shadow_color:rgba(0%2C0%2C0%2C0.35)&#8221;][dfd_single_image image_alignment=&#8221;image-left&#8221; image=&#8221;906&#8243;][\/vc_column][vc_column width=&#8221;5\/12&#8243;][vc_column_text]D\u00fcnya bu kadar kirlenirken tehlikeli at\u0131k say\u0131lan ak\u00fcleri geri kazanmak \u00e7ok \u00f6nemli bir d\u00f6n\u00fc\u015f\u00fcmd\u00fcr ak\u00fc kullan\u0131c\u0131lar\u0131 dikkat edecekleri bak\u0131m konular\u0131 ile hem \u00fclke ekonomisine katk\u0131 sa\u011flarlar hemde \u00e7evre duyarl\u0131l\u0131\u011f\u0131 i\u00e7in \u00e7ok \u00f6nemli i\u015fler yapm\u0131\u015f olurlar her d\u00f6n\u00fc\u015fen ak\u00fc biraz daha fazla ye\u015fil do\u011fa anlam\u0131na gelmektedir. Teknik Kiralama Ekibi bu konuda \u00fccretsiz bilgi aktar\u0131m\u0131 yapmakta olup komple fabrikan\u0131z\u0131n yada i\u015fletmenizin dan\u0131\u015fmanl\u0131\u011f\u0131n\u0131 \u00fcstlenmektedir.[\/vc_column_text][\/vc_column][\/vc_row][vc_row][vc_column][dfd_spacer screen_wide_spacer_size=&#8221;20&#8243; screen_normal_resolution=&#8221;1024&#8243; screen_tablet_resolution=&#8221;800&#8243; screen_mobile_resolution=&#8221;480&#8243;][dfd_heading subtitle=&#8221;&#8221; delimiter_settings=&#8221;delimiter_style:solid|delimiter_width:80|delimiter_height:1&#8243; undefined=&#8221;&#8221; title_font_options=&#8221;tag:h2&#8243; subtitle_font_options=&#8221;tag:div&#8221;]Revizyon Yap\u0131lm\u0131\u015f Ak\u00fcler[\/dfd_heading][\/vc_column][\/vc_row][vc_row bg_check=&#8221;row-background-dark&#8221; css=&#8221;.vc_custom_1603358533883{background-color: #424242 !important;}&#8221;][vc_column width=&#8221;1\/4&#8243;][dfd_spacer screen_wide_spacer_size=&#8221;40&#8243; screen_normal_resolution=&#8221;1024&#8243; screen_tablet_resolution=&#8221;800&#8243; screen_mobile_resolution=&#8221;480&#8243;][dfd_heading subtitle=&#8221;&#8221; delimiter_settings=&#8221;delimiter_style:solid|delimiter_width:80|delimiter_height:1&#8243; undefined=&#8221;&#8221; title_font_options=&#8221;tag:h2&#8243; subtitle_font_options=&#8221;tag:div&#8221;]<\/p>\n<h5>Bak\u0131m \u00d6ncesi 80v-500Ah<\/h5>\n<p>[\/dfd_heading][dfd_spacer screen_wide_spacer_size=&#8221;20&#8243; screen_normal_resolution=&#8221;1024&#8243; screen_tablet_resolution=&#8221;800&#8243; screen_mobile_resolution=&#8221;480&#8243;][dfd_single_image image=&#8221;1248&#8243;][dfd_spacer screen_wide_spacer_size=&#8221;20&#8243; screen_normal_resolution=&#8221;1024&#8243; screen_tablet_resolution=&#8221;800&#8243; screen_mobile_resolution=&#8221;480&#8243;][\/vc_column][vc_column width=&#8221;1\/4&#8243;][dfd_spacer screen_wide_spacer_size=&#8221;40&#8243; screen_normal_resolution=&#8221;1024&#8243; screen_tablet_resolution=&#8221;800&#8243; screen_mobile_resolution=&#8221;480&#8243;][dfd_heading subtitle=&#8221;&#8221; delimiter_settings=&#8221;delimiter_style:solid|delimiter_width:80|delimiter_height:1&#8243; undefined=&#8221;&#8221; title_font_options=&#8221;tag:h2&#8243; subtitle_font_options=&#8221;tag:div&#8221;]<\/p>\n<h5>Bak\u0131m Sonras\u0131 80v 500Ah<\/h5>\n<p>[\/dfd_heading][dfd_spacer screen_wide_spacer_size=&#8221;20&#8243; screen_normal_resolution=&#8221;1024&#8243; screen_tablet_resolution=&#8221;800&#8243; screen_mobile_resolution=&#8221;480&#8243;][dfd_single_image image=&#8221;1249&#8243;][dfd_spacer screen_wide_spacer_size=&#8221;20&#8243; screen_normal_resolution=&#8221;1024&#8243; screen_tablet_resolution=&#8221;800&#8243; screen_mobile_resolution=&#8221;480&#8243;][\/vc_column][vc_column width=&#8221;1\/4&#8243;][dfd_spacer screen_wide_spacer_size=&#8221;40&#8243; screen_normal_resolution=&#8221;1024&#8243; screen_tablet_resolution=&#8221;800&#8243; screen_mobile_resolution=&#8221;480&#8243;][dfd_heading subtitle=&#8221;&#8221; delimiter_settings=&#8221;delimiter_style:solid|delimiter_width:80|delimiter_height:1&#8243; undefined=&#8221;&#8221; title_font_options=&#8221;tag:h2&#8243; subtitle_font_options=&#8221;tag:div&#8221; tutorials=&#8221;&#8221;]<\/p>\n<h5>Bak\u0131m \u00d6ncesi 24v 250Ah<\/h5>\n<p>[\/dfd_heading][dfd_spacer screen_wide_spacer_size=&#8221;20&#8243; screen_normal_resolution=&#8221;1024&#8243; screen_tablet_resolution=&#8221;800&#8243; screen_mobile_resolution=&#8221;480&#8243;][dfd_single_image image=&#8221;1252&#8243; tutorials=&#8221;&#8221;][dfd_spacer screen_wide_spacer_size=&#8221;20&#8243; screen_normal_resolution=&#8221;1024&#8243; screen_tablet_resolution=&#8221;800&#8243; screen_mobile_resolution=&#8221;480&#8243;][\/vc_column][vc_column width=&#8221;1\/4&#8243;][dfd_spacer screen_wide_spacer_size=&#8221;40&#8243; screen_normal_resolution=&#8221;1024&#8243; screen_tablet_resolution=&#8221;800&#8243; screen_mobile_resolution=&#8221;480&#8243;][dfd_heading subtitle=&#8221;&#8221; delimiter_settings=&#8221;delimiter_style:solid|delimiter_width:80|delimiter_height:1&#8243; undefined=&#8221;&#8221; title_font_options=&#8221;tag:h2&#8243; subtitle_font_options=&#8221;tag:div&#8221; tutorials=&#8221;&#8221;]<\/p>\n<h5>Bak\u0131m Sonras\u0131 24v 250Ah<\/h5>\n<p>[\/dfd_heading][dfd_spacer screen_wide_spacer_size=&#8221;20&#8243; screen_normal_resolution=&#8221;1024&#8243; screen_tablet_resolution=&#8221;800&#8243; screen_mobile_resolution=&#8221;480&#8243;][dfd_single_image image=&#8221;1253&#8243; tutorials=&#8221;&#8221;][dfd_spacer screen_wide_spacer_size=&#8221;20&#8243; screen_normal_resolution=&#8221;1024&#8243; screen_tablet_resolution=&#8221;800&#8243; screen_mobile_resolution=&#8221;480&#8243;][\/vc_column][\/vc_row]<\/p>\n","protected":false},"excerpt":{"rendered":"<p>[vc_row force_equal_height_columns=&#8221;main_row&#8221;][vc_column width=&#8221;1\/12&#8243;][\/vc_column][vc_column width=&#8221;5\/12&#8243;][vc_column_text]Ak\u00fc Revizyon: Eskimi\u015f, g\u00fcc\u00fcn\u00fc kaybetmi\u015f ak\u00fclerinizi organik \u00f6zel \u00fcr\u00fcnlerimiz ve yurt d\u0131\u015f\u0131ndan getirdi\u011fimiz \u00f6zel test ve onar\u0131m cihazlar\u0131 ile daha uzun s\u00fcre kullanman\u0131z\u0131 sa\u011fl\u0131yoruz. Eski ak\u00fcn\u00fcz yerinden<\/p>\n","protected":false},"author":1,"featured_media":0,"parent":0,"menu_order":0,"comment_status":"closed","ping_status":"closed","template":"tmp-page.php","meta":[],"_links":{"self":[{"href":"https:\/\/adanaaku.com.tr\/index.php\/wp-json\/wp\/v2\/pages\/902"}],"collection":[{"href":"https:\/\/adanaaku.com.tr\/index.php\/wp-json\/wp\/v2\/pages"}],"about":[{"href":"https:\/\/adanaaku.com.tr\/index.php\/wp-json\/wp\/v2\/types\/page"}],"author":[{"embeddable":true,"href":"https:\/\/adanaaku.com.tr\/index.php\/wp-json\/wp\/v2\/users\/1"}],"replies":[{"embeddable":true,"href":"https:\/\/adanaaku.com.tr\/index.php\/wp-json\/wp\/v2\/comments?post=902"}],"version-history":[{"count":22,"href":"https:\/\/adanaaku.com.tr\/index.php\/wp-json\/wp\/v2\/pages\/902\/revisions"}],"predecessor-version":[{"id":1254,"href":"https:\/\/adanaaku.com.tr\/index.php\/wp-json\/wp\/v2\/pages\/902\/revisions\/1254"}],"wp:attachment":[{"href":"https:\/\/adanaaku.com.tr\/index.php\/wp-json\/wp\/v2\/media?parent=902"}],"curies":[{"name":"wp","href":"https:\/\/api.w.org\/{rel}","templated":true}]}}