{"id":929,"date":"2020-10-22T12:25:53","date_gmt":"2020-10-22T09:25:53","guid":{"rendered":"https:\/\/adanaaku.com.tr\/?page_id=929"},"modified":"2023-08-06T18:34:42","modified_gmt":"2023-08-06T15:34:42","slug":"forklift-lastik","status":"publish","type":"page","link":"https:\/\/adanaaku.com.tr\/index.php\/forklift-lastik\/","title":{"rendered":"XCMG FORKL\u0130FT"},"content":{"rendered":"<p>[vc_row][vc_column][dfd_spacer screen_wide_spacer_size=&#8221;40&#8243; screen_normal_resolution=&#8221;1024&#8243; screen_tablet_resolution=&#8221;800&#8243; screen_mobile_resolution=&#8221;480&#8243;][\/vc_column][\/vc_row][vc_row force_equal_height_columns=&#8221;main_row&#8221;][vc_column width=&#8221;2\/3&#8243;][vc_column_text]\u00c7in&#8217;de in\u015faat makineleri end\u00fcstrisinin \u00f6nde gelen markas\u0131 XCMG\u2019yi kurmak i\u00e7in ilk ad\u0131mlar, 1943 y\u0131l\u0131nda Shandong&#8217;un g\u00fcneyindeki 8 numaral\u0131 Cephanelik Fabrikas\u0131\u2019nda at\u0131ld\u0131. \u00c7in&#8217;deki \u015firket gruplar\u0131n\u0131n yenilik\u00e7i bir at\u0131l\u0131m s\u00fcreci olarak adland\u0131rd\u0131\u011f\u0131 1989 y\u0131l\u0131ndan bu yana XCMG, \u00c7in&#8217;in in\u015faat makineleri end\u00fcstrisinde birinci s\u0131radaki yerini korumu\u015ftur. \u015eu anda d\u00fcnya genelinde 3. s\u0131rada yer alan XCMG, D\u00fcnyan\u0131n En \u0130yi 500 markas\u0131 aras\u0131nda da yer almaktad\u0131r.<\/p>\n<p>XCMG, in\u015faat makineleri, madencilik makineleri, a\u011f\u0131r hizmet kamyonlar\u0131, sanitasyon ekipmanlar\u0131, yedek par\u00e7alar ve bile\u015fenler, pre-fabrik binalar, finansal hizmetler ve bilgi teknolojilerini kapsayan 60&#8217;tan fazla i\u015fletmeye sahiptir.<\/p>\n<p>\u00c7in&#8217;de in\u015faat makineleri end\u00fcstrisinin lideri olan XCMG, en geni\u015f \u00fcr\u00fcn gam\u0131n\u0131 ve yedek par\u00e7alar\u0131 tedarik eden; en k\u00f6kl\u00fc ve en b\u00fcy\u00fck i\u015f makinesi \u00fcreticisidir. Ayn\u0131 zamanda en b\u00fcy\u00fck ihracat hacmine de sahip olmas\u0131yla uluslararas\u0131 boyutta \u00e7al\u0131\u015fmalar\u0131n\u0131 s\u00fcrd\u00fcrmektedir.<\/p>\n<p>1950 ve 1960&#8217;larda XCMG, o d\u00f6nemin yenilik\u00e7i in\u015faat projelerinde \u00e7al\u0131\u015fan vin\u00e7leri ve yol silindirlerini \u00fcreterek \u00c7in&#8217;deki ilk i\u015f makineleri \u00fcreticisi olmu\u015ftur. G\u00fcn\u00fcm\u00fczde XCMG, d\u00fcnyan\u0131n en b\u00fcy\u00fck vinci ve \u00c7in&#8217;in en b\u00fcy\u00fck ekskavat\u00f6r\u00fc gibi sekt\u00f6rdeki ilk ve en iyi 100&#8217;den fazla makineyi \u00fcretmi\u015ftir. Ayr\u0131ca, XCMG 5 i\u015f sekt\u00f6r\u00fcnde 9 adet \u015fampiyonluk kazanan i\u015fletme ve \u00fcr\u00fcne sahiptir. \u00c7in\u2019de 9 farkl\u0131 \u00fcr\u00fcn kategorisinde ilk s\u0131rada yer alan \u00fcr\u00fcnlerinin aras\u0131nda yer alan mobil vin\u00e7ler; d\u00fcnya genelindeki sat\u0131\u015flara bak\u0131ld\u0131\u011f\u0131nda en b\u00fcy\u00fck Pazar pay\u0131na sahiptir. Ayr\u0131ca, tam set olarak \u00fcretilen beton makineleri ve kaz\u0131k \u00e7akma makinelerinin pazar paylar\u0131, d\u00fcnyada ilk iki s\u0131rada yer almaktad\u0131r.<\/p>\n<p>XCMG ulusal d\u00fczeyde kilit \u00e7al\u0131\u015fmalar y\u00fcr\u00fcten laboratuvarlara ve end\u00fcstriyel tasar\u0131m merkezlerine sahiptir. Ayr\u0131ca, XCMG\u2019nin ye\u015fil enerjiler \u00fczerinde yo\u011funla\u015fan bir fabrikas\u0131 ve yine ye\u015fil odakl\u0131 tedarik zinciri i\u015fletmeleri mevcuttur. \u00dcr\u00fcnler 187 \u00fclke ve b\u00f6lgeye ihra\u00e7 edilmektedir. Almanya, Brezilya, Amerika Birle\u015fik Devletleri ve Hindistan gibi ondan fazla \u00fclkede Ar-Ge merkezleri, \u00fcretim tesisleri ve fabrikalar\u0131 bulunmaktad\u0131r. Buna ek olarak XCMG, aralar\u0131nda Schwing de bulunan \u00fc\u00e7 g\u00fc\u00e7l\u00fc Avrupa \u015firketini sat\u0131n alm\u0131\u015ft\u0131r. Ku\u015fak ve Yol \u0130nisiyatifi \u00fczerindeki \u00fclkelerin %97&#8217;sine 3 milyar RMB&#8217;den fazla yat\u0131r\u0131m yapm\u0131\u015ft\u0131r.<\/p>\n<h4>XCMG TURKEY HAKKINDA<\/h4>\n<p>XCMG Turkey&#8217;yi kurma yolculu\u011funda ilk ad\u0131mlar 2016 sonbahar\u0131nda at\u0131lm\u0131\u015ft\u0131r, daha sonras\u0131nda ise ba\u015far\u0131l\u0131 ve yetenekli bir ekip olu\u015fturma konusunda yo\u011funla\u015f\u0131lm\u0131\u015ft\u0131r. XCMG Turkey, T\u00fcrkiye pazar\u0131ndaki geni\u015fleme f\u0131rsat\u0131n\u0131 \u00f6ng\u00f6rerek in\u015faat makineleri sekt\u00f6r\u00fcnde bilgili ve tecr\u00fcbeli yeni ekip \u00fcyelerinin de ekibe kat\u0131lmas\u0131n\u0131n ard\u0131ndan 2018 y\u0131l\u0131nda ilk distrib\u00fct\u00f6r olarak XCMG ekskavat\u00f6rlerinin ve lastik tekerlekli y\u00fckleyicilerinin sat\u0131\u015f\u0131n\u0131 ger\u00e7ekle\u015ftirmek ad\u0131na Hakan Makina ile i\u015fbirli\u011fi yapma karar\u0131 alm\u0131\u015ft\u0131r. Daha sonras\u0131nda 2019 y\u0131l\u0131nda Enka Pazarlama&#8217;y\u0131 fore kaz\u0131klar, platformlar, diyaframl\u0131 kep\u00e7eler, silindirler ve greyderler gibi XCMG \u00fcr\u00fcnlerinin sat\u0131\u015f\u0131n\u0131 \u00fcstlenmesiyle beraber distrib\u00fct\u00f6r listesine dahil edilmi\u015ftir.[\/vc_column_text][\/vc_column][vc_column width=&#8221;1\/3&#8243;][dfd_single_image image=&#8221;1273&#8243;][dfd_single_image image=&#8221;1274&#8243;][\/vc_column][\/vc_row][vc_row][vc_column width=&#8221;1\/2&#8243;][dfd_spacer screen_wide_spacer_size=&#8221;40&#8243; screen_normal_resolution=&#8221;1024&#8243; screen_tablet_resolution=&#8221;800&#8243; screen_mobile_resolution=&#8221;480&#8243;][dfd_videoplayer video_link=&#8221;https:\/\/youtu.be\/dNguDE8R5dA&#8221; main_style=&#8221;style-1&#8243; tutorials=&#8221;&#8221;][\/vc_column][vc_column width=&#8221;1\/2&#8243;][dfd_spacer screen_wide_spacer_size=&#8221;40&#8243; screen_normal_resolution=&#8221;1024&#8243; screen_tablet_resolution=&#8221;800&#8243; screen_mobile_resolution=&#8221;480&#8243;][dfd_videoplayer video_link=&#8221;https:\/\/www.youtube.com\/watch?v=xUe8mjX1qLQ&#8221; main_style=&#8221;style-1&#8243; tutorials=&#8221;&#8221;][\/vc_column][\/vc_row][vc_row][vc_column][dfd_spacer screen_wide_spacer_size=&#8221;40&#8243; screen_normal_resolution=&#8221;1024&#8243; screen_tablet_resolution=&#8221;800&#8243; screen_mobile_resolution=&#8221;480&#8243;][vc_column_text]<\/p>\n<h4>AYRINTILI B\u0130LG\u0130 VE F\u0130YATLAR \u0130\u00c7\u0130N F\u0130RMAMIZ \u0130LE \u0130LET\u0130\u015e\u0130ME GE\u00c7\u0130N\u0130Z.<\/h4>\n<p>[\/vc_column_text][\/vc_column][\/vc_row][vc_row][vc_column][dfd_spacer screen_wide_spacer_size=&#8221;40&#8243; screen_normal_resolution=&#8221;1024&#8243; screen_tablet_resolution=&#8221;800&#8243; screen_mobile_resolution=&#8221;480&#8243;][\/vc_column][\/vc_row][vc_row][vc_column][dfd_heading subtitle=&#8221;&#8221; delimiter_settings=&#8221;delimiter_style:solid|delimiter_width:80|delimiter_height:1&#8243; undefined=&#8221;&#8221; title_font_options=&#8221;tag:h2&#8243; subtitle_font_options=&#8221;tag:div&#8221;]\u00c7\u0131kma Lastiklerimiz[\/dfd_heading][dfd_spacer screen_wide_spacer_size=&#8221;40&#8243; screen_normal_resolution=&#8221;1024&#8243; screen_tablet_resolution=&#8221;800&#8243; screen_mobile_resolution=&#8221;480&#8243;][dfd_products_list display=&#8221;categories&#8221; posts_to_show=&#8221;3&#8243; items_offset=&#8221;20&#8243; thumb_radius=&#8221;0&#8243; columns=&#8221;4&#8243; post_show_subtitle=&#8221;&#8221; post_show_price=&#8221;&#8221; post_show_rating=&#8221;&#8221; post_show_add_to_cart=&#8221;&#8221; post_show_wishlist=&#8221;&#8221; post_content_style=&#8221;style-1&#8243; post_categories=&#8221;lastik&#8221; box_shadow=&#8221;box_shadow_enable:disable|shadow_horizontal:0|shadow_vertical:15|shadow_blur:50|shadow_spread:0|box_shadow_color:rgba(0%2C0%2C0%2C0.35)&#8221; hover_box_shadow=&#8221;box_shadow_enable:disable|shadow_horizontal:0|shadow_vertical:15|shadow_blur:50|shadow_spread:0|box_shadow_color:rgba(0%2C0%2C0%2C0.35)&#8221;][dfd_spacer screen_wide_spacer_size=&#8221;40&#8243; screen_normal_resolution=&#8221;1024&#8243; screen_tablet_resolution=&#8221;800&#8243; screen_mobile_resolution=&#8221;480&#8243;][\/vc_column][\/vc_row]<\/p>\n","protected":false},"excerpt":{"rendered":"<p>[vc_row][vc_column][dfd_spacer screen_wide_spacer_size=&#8221;40&#8243; screen_normal_resolution=&#8221;1024&#8243; screen_tablet_resolution=&#8221;800&#8243; screen_mobile_resolution=&#8221;480&#8243;][\/vc_column][\/vc_row][vc_row force_equal_height_columns=&#8221;main_row&#8221;][vc_column width=&#8221;2\/3&#8243;][vc_column_text]\u00c7in&#8217;de in\u015faat makineleri end\u00fcstrisinin \u00f6nde gelen markas\u0131 XCMG\u2019yi kurmak i\u00e7in ilk ad\u0131mlar, 1943 y\u0131l\u0131nda Shandong&#8217;un g\u00fcneyindeki 8 numaral\u0131 Cephanelik Fabrikas\u0131\u2019nda at\u0131ld\u0131. \u00c7in&#8217;deki \u015firket gruplar\u0131n\u0131n<\/p>\n","protected":false},"author":1,"featured_media":0,"parent":0,"menu_order":0,"comment_status":"closed","ping_status":"closed","template":"tmp-page.php","meta":[],"_links":{"self":[{"href":"https:\/\/adanaaku.com.tr\/index.php\/wp-json\/wp\/v2\/pages\/929"}],"collection":[{"href":"https:\/\/adanaaku.com.tr\/index.php\/wp-json\/wp\/v2\/pages"}],"about":[{"href":"https:\/\/adanaaku.com.tr\/index.php\/wp-json\/wp\/v2\/types\/page"}],"author":[{"embeddable":true,"href":"https:\/\/adanaaku.com.tr\/index.php\/wp-json\/wp\/v2\/users\/1"}],"replies":[{"embeddable":true,"href":"https:\/\/adanaaku.com.tr\/index.php\/wp-json\/wp\/v2\/comments?post=929"}],"version-history":[{"count":10,"href":"https:\/\/adanaaku.com.tr\/index.php\/wp-json\/wp\/v2\/pages\/929\/revisions"}],"predecessor-version":[{"id":1278,"href":"https:\/\/adanaaku.com.tr\/index.php\/wp-json\/wp\/v2\/pages\/929\/revisions\/1278"}],"wp:attachment":[{"href":"https:\/\/adanaaku.com.tr\/index.php\/wp-json\/wp\/v2\/media?parent=929"}],"curies":[{"name":"wp","href":"https:\/\/api.w.org\/{rel}","templated":true}]}}