{"id":1185,"date":"2022-06-19T16:13:27","date_gmt":"2022-06-19T13:13:27","guid":{"rendered":"https:\/\/adanaaku.com.tr\/?post_type=product&#038;p=1185"},"modified":"2026-03-22T01:15:42","modified_gmt":"2026-03-21T22:15:42","slug":"12v-60ah-bakimsiz-aku","status":"publish","type":"product","link":"https:\/\/adanaaku.com.tr\/index.php\/urun\/12v-60ah-bakimsiz-aku\/","title":{"rendered":"12V 60Ah Bak\u0131ms\u0131z Ak\u00fc"},"content":{"rendered":"<p>12v 60Ah Bak\u0131ms\u0131z Esan Marka Ak\u00fc<\/p>\n","protected":false},"excerpt":{"rendered":"<p>12v 60Ah Esan marka bak\u0131ms\u0131z ak\u00fc fiyat bilgisi i\u00e7in l\u00fctfen firmam\u0131z ile ileti\u015fime ge\u00e7iniz.<\/p>\n","protected":false},"featured_media":1187,"comment_status":"open","ping_status":"closed","template":"","meta":[],"product_cat":[21],"product_tag":[56,59,57,60,58],"_links":{"self":[{"href":"https:\/\/adanaaku.com.tr\/index.php\/wp-json\/wp\/v2\/product\/1185"}],"collection":[{"href":"https:\/\/adanaaku.com.tr\/index.php\/wp-json\/wp\/v2\/product"}],"about":[{"href":"https:\/\/adanaaku.com.tr\/index.php\/wp-json\/wp\/v2\/types\/product"}],"replies":[{"embeddable":true,"href":"https:\/\/adanaaku.com.tr\/index.php\/wp-json\/wp\/v2\/comments?post=1185"}],"wp:featuredmedia":[{"embeddable":true,"href":"https:\/\/adanaaku.com.tr\/index.php\/wp-json\/wp\/v2\/media\/1187"}],"wp:attachment":[{"href":"https:\/\/adanaaku.com.tr\/index.php\/wp-json\/wp\/v2\/media?parent=1185"}],"wp:term":[{"taxonomy":"product_cat","embeddable":true,"href":"https:\/\/adanaaku.com.tr\/index.php\/wp-json\/wp\/v2\/product_cat?post=1185"},{"taxonomy":"product_tag","embeddable":true,"href":"https:\/\/adanaaku.com.tr\/index.php\/wp-json\/wp\/v2\/product_tag?post=1185"}],"curies":[{"name":"wp","href":"https:\/\/api.w.org\/{rel}","templated":true}]}}