{"id":813,"date":"2020-10-21T10:31:05","date_gmt":"2020-10-21T07:31:05","guid":{"rendered":"https:\/\/adanaaku.com.tr\/?post_type=product&#038;p=813"},"modified":"2026-04-11T08:48:04","modified_gmt":"2026-04-11T05:48:04","slug":"transpalet","status":"publish","type":"product","link":"https:\/\/adanaaku.com.tr\/index.php\/urun\/transpalet\/","title":{"rendered":"DA\u0130MA TRANSLAPET"},"content":{"rendered":"<p><strong>S\u00fcr\u00fc\u015f<\/strong><\/p>\n<p>210 Derece d\u00f6n\u00fc\u015f yar\u0131\u00e7ap\u0131 ile kolay manevra sa\u011flar. Ayn\u0131 zamanda t\u00fcm d\u00f6n\u00fc\u015f noktalar\u0131 ya\u011flanm\u0131\u015f olan bu sistem, kolay ve m\u00fckemmel bir manevra sunuyor.<\/p>\n<p><strong>Boya Kalitesi<\/strong><\/p>\n<p>Boya kalitesi olduk\u00e7a y\u00fcksek oldu\u011fundan uzun s\u00fcre dayan\u0131r ve zemini pr\u00fczs\u00fczd\u00fcr.<\/p>\n<p><strong>Kontroll\u00fc G\u00fc\u00e7<\/strong><\/p>\n<p>\u0130ndirme valfi g\u00fcvenli ve rahat bir \u015fekilde y\u00fck\u00fc indirmeye yard\u0131mc\u0131 olur.<\/p>\n<p><strong>Dayan\u0131kl\u0131k<\/strong><\/p>\n<p>Y\u00fcksek kaliteli d\u00f6vme \u00e7elikten yap\u0131lm\u0131\u015f olan kald\u0131rma ba\u011flant\u0131 kolu dayan\u0131kl\u0131 ve uzun \u00f6m\u00fcrl\u00fcd\u00fcr.<\/p>\n<p><strong>\u00c7al\u0131\u015fma<\/strong><\/p>\n<p>Elden ve ayaktan kumanda edilebilen indirme fonksiyonu konforlu ve rahat bir kullan\u0131m sa\u011flar.<\/p>\n<h3 class=\"widget-title\">\u00d6zellik Tablosu<\/h3>\n<div class=\"textwidget custom-html-widget\">\n<table class=\"buildpress-table\">\n<thead>\n<tr>\n<th><\/th>\n<th class=\"align-center\">DPT 25<\/th>\n<\/tr>\n<\/thead>\n<tbody>\n<tr>\n<td>Kapasite:<\/td>\n<td class=\"align-center\">2500 KG<\/td>\n<\/tr>\n<tr>\n<td>Kald\u0131rma Y\u00fcksekli\u011fi:<\/td>\n<td class=\"align-center\">100 MM<\/td>\n<\/tr>\n<tr>\n<td>A\u011f\u0131rl\u0131\u011f\u0131:<\/td>\n<td class=\"align-center\">68 KG<\/td>\n<\/tr>\n<tr>\n<td>\u00c7atal Geni\u015fli\u011fi(D\u0131\u015ftan D\u0131\u015fa):<\/td>\n<td class=\"align-center\">540 MM<\/td>\n<\/tr>\n<tr>\n<td>\u00c7atal Uzunlu\u011fu :<\/td>\n<td class=\"align-center\">1150 MM<\/td>\n<\/tr>\n<tr>\n<td>\u00c7atal Geni\u015fli\u011fi (Herbir \u00c7atal) :<\/td>\n<td class=\"align-center\">150 MM<\/td>\n<\/tr>\n<tr>\n<td>Min. \u00c7al\u0131\u015fma Y\u00fcksekli\u011fi :<\/td>\n<td class=\"align-center\">75 MM<\/td>\n<\/tr>\n<tr>\n<td>Maks. \u00c7al\u0131\u015fma Y\u00fcksekli\u011fi :<\/td>\n<td class=\"align-center\">185 MM<\/td>\n<\/tr>\n<tr>\n<td>S\u00fcr\u00fc\u015f Lastik \u00d6l\u00e7\u00fcleri :<\/td>\n<td class=\"align-center\">180 \/ 50 MM<\/td>\n<\/tr>\n<tr>\n<td>Denge Lasti \u00d6l\u00e7\u00fcleri :<\/td>\n<td class=\"align-center\">70 \/ 82 MM<\/td>\n<\/tr>\n<\/tbody>\n<\/table>\n<\/div>\n","protected":false},"excerpt":{"rendered":"<p>Ergonomik Tasar\u0131m, ST-52 Sac Kalitesi, \u00dcstten A\u00e7\u0131labilen D\u00f6k\u00fcm Pompa, \u015e\u00fcr\u00fc\u015f Rahatl\u0131\u011f\u0131 Sa\u011flayan Ergonomik Kol Tasar\u0131m\u0131<\/p>\n","protected":false},"featured_media":1118,"comment_status":"open","ping_status":"closed","template":"","meta":[],"product_cat":[27],"product_tag":[],"_links":{"self":[{"href":"https:\/\/adanaaku.com.tr\/index.php\/wp-json\/wp\/v2\/product\/813"}],"collection":[{"href":"https:\/\/adanaaku.com.tr\/index.php\/wp-json\/wp\/v2\/product"}],"about":[{"href":"https:\/\/adanaaku.com.tr\/index.php\/wp-json\/wp\/v2\/types\/product"}],"replies":[{"embeddable":true,"href":"https:\/\/adanaaku.com.tr\/index.php\/wp-json\/wp\/v2\/comments?post=813"}],"wp:featuredmedia":[{"embeddable":true,"href":"https:\/\/adanaaku.com.tr\/index.php\/wp-json\/wp\/v2\/media\/1118"}],"wp:attachment":[{"href":"https:\/\/adanaaku.com.tr\/index.php\/wp-json\/wp\/v2\/media?parent=813"}],"wp:term":[{"taxonomy":"product_cat","embeddable":true,"href":"https:\/\/adanaaku.com.tr\/index.php\/wp-json\/wp\/v2\/product_cat?post=813"},{"taxonomy":"product_tag","embeddable":true,"href":"https:\/\/adanaaku.com.tr\/index.php\/wp-json\/wp\/v2\/product_tag?post=813"}],"curies":[{"name":"wp","href":"https:\/\/api.w.org\/{rel}","templated":true}]}}