{"id":815,"date":"2020-10-21T10:33:31","date_gmt":"2020-10-21T07:33:31","guid":{"rendered":"https:\/\/adanaaku.com.tr\/?post_type=product&#038;p=815"},"modified":"2025-07-18T13:47:16","modified_gmt":"2025-07-18T10:47:16","slug":"lastik","status":"publish","type":"product","link":"https:\/\/adanaaku.com.tr\/index.php\/urun\/lastik\/","title":{"rendered":"Lastik"},"content":{"rendered":"<p>Forklift lastikleri ile ilgili ayr\u0131nt\u0131l\u0131 bilgi i\u00e7in l\u00fctfen ileti\u015fime ge\u00e7iniz.<\/p>\n","protected":false},"excerpt":{"rendered":"<p>Firmam\u0131za ait s\u0131f\u0131r ve ikinci el forklift lastikleri ile ilgili l\u00fctfen ileti\u015fime ge\u00e7iniz.<\/p>\n","protected":false},"featured_media":1169,"comment_status":"open","ping_status":"closed","template":"","meta":[],"product_cat":[23],"product_tag":[33,53,38,35,32,42,43,41,48,39,36,29,47,37,54,34,28,44,51,50,49,31,55,45,52,46,30,40],"_links":{"self":[{"href":"https:\/\/adanaaku.com.tr\/index.php\/wp-json\/wp\/v2\/product\/815"}],"collection":[{"href":"https:\/\/adanaaku.com.tr\/index.php\/wp-json\/wp\/v2\/product"}],"about":[{"href":"https:\/\/adanaaku.com.tr\/index.php\/wp-json\/wp\/v2\/types\/product"}],"replies":[{"embeddable":true,"href":"https:\/\/adanaaku.com.tr\/index.php\/wp-json\/wp\/v2\/comments?post=815"}],"wp:featuredmedia":[{"embeddable":true,"href":"https:\/\/adanaaku.com.tr\/index.php\/wp-json\/wp\/v2\/media\/1169"}],"wp:attachment":[{"href":"https:\/\/adanaaku.com.tr\/index.php\/wp-json\/wp\/v2\/media?parent=815"}],"wp:term":[{"taxonomy":"product_cat","embeddable":true,"href":"https:\/\/adanaaku.com.tr\/index.php\/wp-json\/wp\/v2\/product_cat?post=815"},{"taxonomy":"product_tag","embeddable":true,"href":"https:\/\/adanaaku.com.tr\/index.php\/wp-json\/wp\/v2\/product_tag?post=815"}],"curies":[{"name":"wp","href":"https:\/\/api.w.org\/{rel}","templated":true}]}}